{"id":341,"date":"2019-05-29T10:32:08","date_gmt":"2019-05-29T10:32:08","guid":{"rendered":"https:\/\/wordpress.ecounited.com\/jobs"},"modified":"2023-01-03T15:41:44","modified_gmt":"2023-01-03T15:41:44","slug":"jobs","status":"publish","type":"page","link":"https:\/\/ecounited.com\/en\/jobs","title":{"rendered":"Karriere"},"content":{"rendered":"<div class=\"flex_column av_one_full  flex_column_div av-zero-column-padding first  \" style='border-radius:0px; '><section class=\"av_textblock_section \"  itemscope=\"itemscope\" itemtype=\"https:\/\/schema.org\/CreativeWork\" ><div class='avia_textblock  '   itemprop=\"text\" ><h2>Karriere bei eco united<\/h2>\n<p>Als stark wachsendes Berliner Handels- und Dienstleistungsunternehmen f\u00fcr Bio-Lebensmittel, das mit nachhaltigen Familienunternehmen und Social Entrepreneuren partnerschaftlich zusammenarbeitet, sind wir immer auf der Suche nach Kolleg:innen, die Lust haben, sich engagiert einzubringen und Verantwortung zu \u00fcbernehmen; Kolleg:innen, die die Ziele und die Philosophie des Unternehmens mittragen und sich langfristig in unserem Team und unserem B\u00fcro in Berlin-Zehlendorf wohlf\u00fchlen.<\/p>\n<p>Bereits seit 2003 liegen uns das Wohl unserer Kund:innen und Lieferant:innen sowie die Biobewegung am Herzen. Dadurch haben wir in den letzten Jahren viel erreicht und m\u00f6chten, dass es so weitergeht. Gemeinsam entwickeln wir uns st\u00e4ndig weiter \u2013 sei es durch Erfahrungsaustausch, Netzwerke oder Weiterbildungen.<\/p>\n<h3>Warum du ein Teil unseres Teams werden solltest:<\/h3>\n<ul>\n<li>Du willst in einem Unternehmen arbeiten, das wirtschaftlich ist und gleichzeitig einen Mehrwert f\u00fcr die Umwelt und unsere Gesellschaft schafft.<\/li>\n<li>Eine positive Arbeitsatmosph\u00e4re ist uns wichtig: Unser gemeinsames Arbeiten basiert auf Vertrauen, Feedback und F\u00f6rderung.<\/li>\n<li>Wir bieten allen Kolleg:innen die gr\u00f6\u00dftm\u00f6gliche Gestaltungs- und Entscheidungsfreiheit.<\/li>\n<li>Wir achten auf unsere individuelle Work-Life-Balance. Ein Grundsatz, der bei uns nicht nur so dahergesagt, sondern tats\u00e4chlich gelebt wird.<\/li>\n<li>Unsere Arbeitszeit ist flexibel \u2013 du kannst dir diese selbst einteilen.<\/li>\n<li>Wir kochen mindestens einmal die Woche gemeinsam in unserer K\u00fcche.<\/li>\n<li>Viermal im Jahr stehen bei uns Teamevents an, bei denen wir gemeinsam etwas Neues ausprobieren. Vorschl\u00e4ge hierf\u00fcr sind immer willkommen!<\/li>\n<li>Anstatt Geburtstagsgeschenken wird bei uns f\u00fcr jede:n Kolleg:in ein Baum gepflanzt \u2013 ein kleiner, aber wirksamer Beitrag zum Klimaschutz.<\/li>\n<li>Bei uns gibt es keinen Dresscode \u2013 bei uns z\u00e4hlt K\u00f6nnen, und nicht, was du tr\u00e4gst.<\/li>\n<\/ul>\n<h3>Wir suchen gerade nach:<\/h3>\n<\/div><\/section><br \/>\n<div class=\"togglecontainer   toggle_close_all \" >\n<section class=\"av_toggle_section\"  itemscope=\"itemscope\" itemtype=\"https:\/\/schema.org\/CreativeWork\"  >    <div class=\"single_toggle\" data-tags=\"{All} \"  >        <p data-fake-id=\"#toggle-id-1\" class=\"toggler \"  itemprop=\"headline\"   >Praktikant:in Vertrieb &amp; Marketing (w\/m\/d) f\u00fcr Bio-Lebensmittel in Berlin-Zehlendorf, ab sofort<span class=\"toggle_icon\" >        <span class=\"vert_icon\"><\/span><span class=\"hor_icon\"><\/span><\/span><\/p>        <div id=\"toggle-id-1-container\" class=\"toggle_wrap \"  >            <div class=\"toggle_content invers-color \"  itemprop=\"text\"   ><h3 style=\"text-align: left;\"><strong>Praktikant:in Vertrieb &amp; Marketing (w\/m\/d) f\u00fcr Bio-Lebensmittel, ab sofort<\/strong><\/h3>\n<h4 style=\"text-align: left;\"><strong>in Berlin-Zehlendorf<\/strong><\/h4>\n<p>Wir suchen ab sofort <strong>eine:n Praktikant:in im Bereich Vertrieb und Marketing<\/strong> f\u00fcr mindestens 4 Monate. Im Anschluss ist eine Weiterbesch\u00e4ftigung als Werkstudent:in m\u00f6glich.<\/p>\n<h4><strong>Wir machen Bio fairer und stiften Sinn<\/strong><\/h4>\n<p>eco united setzt sich schon seit rund 20 Jahren f\u00fcr die Themen Bio, Nachhaltigkeit und soziale Gerechtigkeit ein, indem wir soziale Biolebensmittel in der DACH-Region vertreiben. Nachdem wir viele Jahre im Naturkosthandel engagiert sind, bringen wir unsere fairen Biolebensmittel-Marken nun zus\u00e4tzlich auch in den konventionellen Lebensmitteleinzelhandel. So heben wir unseren Impact auf ein h\u00f6heres Level und unterst\u00fctzen noch mehr Bio-Farmer:innen, gesunde Lebensmittel zu erzeugen und selbst mit ihren Familien ein gutes Leben zu f\u00fchren. Wir arbeiten mit unseren nachhaltigen famili\u00e4ren Herstellern und Social Entrepreneuren langfristig und vertrauensvoll zusammen. Wir unterst\u00fctzen unsere Hersteller bei der Produktentwicklung und engagieren uns f\u00fcr gesunde Rezepturen, nachhaltige Verpackungen und faire Wertsch\u00f6pfungsketten. Durch Vertriebsarbeit auf mehreren Handelsebenen und zielgerichtetes Brand-Management f\u00f6rdern wir den Absatz unserer Marken. Wir suchen Kolleg:innen, die unsere Werte teilen.<\/p>\n<h4><strong>Deine Rolle und Aufgaben<\/strong><\/h4>\n<ul>\n<li>Du unterst\u00fctzt unser Vertriebsteam bei der Vorbereitung von Kundenterminen und bei der operativen Umsetzung der mit diesen Kunden getroffenen Vereinbarungen. Hierbei fertigst Du beispielsweise Absatz- und Umsatzanalysen oder Powerpoint-Pr\u00e4sentationen an und sorgst daf\u00fcr, dass unseren Kunden rechtzeitig Verkostungsmuster vorliegen.<\/li>\n<li>Du f\u00fchrst Wettbewerbsanalysen und Trendbeobachtungen durch und gibst dadurch Input zu Marketing- und Kommunikationsstrategien.<\/li>\n<li>Du unterst\u00fctzt uns gegebenenfalls bei der Vorbereitung und Durchf\u00fchrung von Messen und Verkostungen und repr\u00e4sentierst dabei unsere Marken gegen\u00fcber B2B-Kunden und Verbraucherinnen und Verbrauchern.<\/li>\n<li>Du hilfst unsere Social Media-Follower:innen mit neuen Informationen \u00fcber unsere Marken und Produkte zu versorgen und geeignete Influencer:innen zu finden, die unsere Marken und Werte verbreiten.<\/li>\n<li>Wenn Du die Erfahrung daf\u00fcr mitbringst, aktualisierst Du Anzeigen und anderes Werbematerial (mit Adobe CC) oder aktualisiert unsere Webseite mit einem Redaktionssystem (WordPress).<\/li>\n<\/ul>\n<h4><strong>Dein Profil<\/strong><\/h4>\n<ul>\n<li>Du studierst mit wirtschaftlichem Hintergrund und willst mit Praktikum bei einem Unternehmen mit Purpose sinnstiftend Arbeitserfahrung gewinnen.<\/li>\n<li>Du bist fit in allen Office-Anwendungen, insbesondere in Excel, Word und PowerPoint. Kenntnisse in Adobe CC oder WordPress w\u00e4ren ein Plus.<\/li>\n<li>Du hast ein gutes Sprachgef\u00fchl im Deutschen und sprichst und schreibst flie\u00dfend Englisch.<\/li>\n<li>Du arbeitest selbstst\u00e4ndig und eigenverantwortlich, bist kreativ und bist offen im Umgang mit Menschen.<\/li>\n<li>Du verf\u00fcgst \u00fcber Organisationstalent, Struktur und kannst Priorit\u00e4ten setzen.<\/li>\n<\/ul>\n<h4><strong>Unser Angebot<\/strong><\/h4>\n<ul>\n<li>Wir bieten Dir eine sinnvolle, interessante und vielseitige T\u00e4tigkeit mit gro\u00dfer Gestaltungsfreiheit.<\/li>\n<li>Du befasst Dich mit spannenden Trendthemen der Wachstumsbranche Bio-Lebensmittel und kannst bei eco united und in der Gesellschaft Deinen eigenen Fu\u00dfabdruck hinterlassen.<\/li>\n<li>Du entwickelst Dich pers\u00f6nlich weiter \u2013 in einem teamorientierten Unternehmen mit flachen Hierarchien und kurzen Entscheidungswegen.<\/li>\n<li>Wir arbeiten gemeinsam an unserer Vision und unseren Zielen und haben Spa\u00df daran, eco united nachhaltig voranzubringen und ein kleines St\u00fcck die Welt zu verbessern. Dabei versuchen wir so gut wie m\u00f6glich, berufliche und private Themen in Einklang zu bringen.<\/li>\n<li>Du kannst Dich auf ein professionelles Team mit netten Kolleg:innen und regelm\u00e4\u00dfige Teamevents freuen.<\/li>\n<\/ul>\n<p>Wir machen Bio fairer und stiften Sinn. Mach mit und bewirb Dich mit vollst\u00e4ndigen Bewerbungsunterlagen (inkl. aller Zeugnisse) und Deiner zeitlichen Verf\u00fcgbarkeit per E-Mail bei <a href=\"mailto:personal@ecounited.com\">personal@ecounited.com<\/a> (Stichwort: Praktikant:in).<\/p>\n            <\/div>        <\/div>    <\/div><\/section>\n<\/div><br \/>\n<div style='height:30px' class='hr hr-invisible  '><span class='hr-inner ' ><span class='hr-inner-style'><\/span><\/span><\/div><br \/>\n<section class=\"av_textblock_section \"  itemscope=\"itemscope\" itemtype=\"https:\/\/schema.org\/CreativeWork\" ><div class='avia_textblock  '   itemprop=\"text\" ><p>Du passt gut zu eco united, hast aber keine passende Stellenausschreibung gefunden? Wir freuen uns auf deine Initiativbewerbung!<\/p>\n<p><div class='avia-button-wrap avia-button-center '><a href='https:\/\/ecounited.com\/kontakt'  class='avia-button   avia-icon_select-no avia-color-theme-color avia-size-medium avia-position-center '   ><span class='avia_iconbox_title' >Schreib uns eine E-Mail<\/span><\/a><\/div><br \/>\n<div style='height:25px' class='hr hr-invisible  '><span class='hr-inner ' ><span class='hr-inner-style'><\/span><\/span><\/div><\/p>\n<h5>Wir sind regelm\u00e4\u00dfig auf der Suche nach <strong>Praktikant:innen und Werkstudent:innen<\/strong> in den Bereichen Vertrieb, Marketing, Controlling\/Einkauf!<\/h5>\n<h5><\/h5>\n<\/div><\/section><\/p><\/div>\n","protected":false},"excerpt":{"rendered":"","protected":false},"author":1,"featured_media":0,"parent":0,"menu_order":0,"comment_status":"closed","ping_status":"closed","template":"","meta":{"footnotes":""},"class_list":["post-341","page","type-page","status-publish","hentry"],"yoast_head":"<!-- This site is optimized with the Yoast SEO plugin v27.5 - https:\/\/yoast.com\/product\/yoast-seo-wordpress\/ -->\n<title>Karriere - eco united<\/title>\n<meta name=\"robots\" content=\"index, follow, max-snippet:-1, max-image-preview:large, max-video-preview:-1\" \/>\n<link rel=\"canonical\" href=\"https:\/\/ecounited.com\/en\/jobs\" \/>\n<meta property=\"og:locale\" content=\"en_US\" \/>\n<meta property=\"og:type\" content=\"article\" \/>\n<meta property=\"og:title\" content=\"Karriere - eco united\" \/>\n<meta property=\"og:url\" content=\"https:\/\/ecounited.com\/en\/jobs\" \/>\n<meta property=\"og:site_name\" content=\"eco united\" \/>\n<meta property=\"article:modified_time\" content=\"2023-01-03T15:41:44+00:00\" \/>\n<meta name=\"twitter:card\" content=\"summary_large_image\" \/>\n<meta name=\"twitter:label1\" content=\"Est. reading time\" \/>\n\t<meta name=\"twitter:data1\" content=\"21 minutes\" \/>\n<script type=\"application\/ld+json\" class=\"yoast-schema-graph\">{\"@context\":\"https:\\\/\\\/schema.org\",\"@graph\":[{\"@type\":\"WebPage\",\"@id\":\"https:\\\/\\\/ecounited.com\\\/en\\\/jobs\",\"url\":\"https:\\\/\\\/ecounited.com\\\/en\\\/jobs\",\"name\":\"Karriere - eco united\",\"isPartOf\":{\"@id\":\"https:\\\/\\\/ecounited.com\\\/#website\"},\"datePublished\":\"2019-05-29T10:32:08+00:00\",\"dateModified\":\"2023-01-03T15:41:44+00:00\",\"breadcrumb\":{\"@id\":\"https:\\\/\\\/ecounited.com\\\/en\\\/jobs#breadcrumb\"},\"inLanguage\":\"en-US\",\"potentialAction\":[{\"@type\":\"ReadAction\",\"target\":[\"https:\\\/\\\/ecounited.com\\\/en\\\/jobs\"]}]},{\"@type\":\"BreadcrumbList\",\"@id\":\"https:\\\/\\\/ecounited.com\\\/en\\\/jobs#breadcrumb\",\"itemListElement\":[{\"@type\":\"ListItem\",\"position\":1,\"name\":\"Startseite\",\"item\":\"https:\\\/\\\/ecounited.com\\\/en\"},{\"@type\":\"ListItem\",\"position\":2,\"name\":\"Karriere\"}]},{\"@type\":\"WebSite\",\"@id\":\"https:\\\/\\\/ecounited.com\\\/#website\",\"url\":\"https:\\\/\\\/ecounited.com\\\/\",\"name\":\"eco united\",\"description\":\"organic + natural products\",\"potentialAction\":[{\"@type\":\"SearchAction\",\"target\":{\"@type\":\"EntryPoint\",\"urlTemplate\":\"https:\\\/\\\/ecounited.com\\\/?s={search_term_string}\"},\"query-input\":{\"@type\":\"PropertyValueSpecification\",\"valueRequired\":true,\"valueName\":\"search_term_string\"}}],\"inLanguage\":\"en-US\"}]}<\/script>\n<!-- \/ Yoast SEO plugin. -->","yoast_head_json":{"title":"Karriere - eco united","robots":{"index":"index","follow":"follow","max-snippet":"max-snippet:-1","max-image-preview":"max-image-preview:large","max-video-preview":"max-video-preview:-1"},"canonical":"https:\/\/ecounited.com\/en\/jobs","og_locale":"en_US","og_type":"article","og_title":"Karriere - eco united","og_url":"https:\/\/ecounited.com\/en\/jobs","og_site_name":"eco united","article_modified_time":"2023-01-03T15:41:44+00:00","twitter_card":"summary_large_image","twitter_misc":{"Est. reading time":"21 minutes"},"schema":{"@context":"https:\/\/schema.org","@graph":[{"@type":"WebPage","@id":"https:\/\/ecounited.com\/en\/jobs","url":"https:\/\/ecounited.com\/en\/jobs","name":"Karriere - eco united","isPartOf":{"@id":"https:\/\/ecounited.com\/#website"},"datePublished":"2019-05-29T10:32:08+00:00","dateModified":"2023-01-03T15:41:44+00:00","breadcrumb":{"@id":"https:\/\/ecounited.com\/en\/jobs#breadcrumb"},"inLanguage":"en-US","potentialAction":[{"@type":"ReadAction","target":["https:\/\/ecounited.com\/en\/jobs"]}]},{"@type":"BreadcrumbList","@id":"https:\/\/ecounited.com\/en\/jobs#breadcrumb","itemListElement":[{"@type":"ListItem","position":1,"name":"Startseite","item":"https:\/\/ecounited.com\/en"},{"@type":"ListItem","position":2,"name":"Karriere"}]},{"@type":"WebSite","@id":"https:\/\/ecounited.com\/#website","url":"https:\/\/ecounited.com\/","name":"eco united","description":"organic + natural products","potentialAction":[{"@type":"SearchAction","target":{"@type":"EntryPoint","urlTemplate":"https:\/\/ecounited.com\/?s={search_term_string}"},"query-input":{"@type":"PropertyValueSpecification","valueRequired":true,"valueName":"search_term_string"}}],"inLanguage":"en-US"}]}},"_links":{"self":[{"href":"https:\/\/ecounited.com\/en\/wp-json\/wp\/v2\/pages\/341","targetHints":{"allow":["GET"]}}],"collection":[{"href":"https:\/\/ecounited.com\/en\/wp-json\/wp\/v2\/pages"}],"about":[{"href":"https:\/\/ecounited.com\/en\/wp-json\/wp\/v2\/types\/page"}],"author":[{"embeddable":true,"href":"https:\/\/ecounited.com\/en\/wp-json\/wp\/v2\/users\/1"}],"replies":[{"embeddable":true,"href":"https:\/\/ecounited.com\/en\/wp-json\/wp\/v2\/comments?post=341"}],"version-history":[{"count":40,"href":"https:\/\/ecounited.com\/en\/wp-json\/wp\/v2\/pages\/341\/revisions"}],"predecessor-version":[{"id":1437,"href":"https:\/\/ecounited.com\/en\/wp-json\/wp\/v2\/pages\/341\/revisions\/1437"}],"wp:attachment":[{"href":"https:\/\/ecounited.com\/en\/wp-json\/wp\/v2\/media?parent=341"}],"curies":[{"name":"wp","href":"https:\/\/api.w.org\/{rel}","templated":true}]}}